{"id":2495,"date":"2023-08-30T11:02:56","date_gmt":"2023-08-30T15:02:56","guid":{"rendered":"https:\/\/tinnitus.help\/tinnilog-fuer-android\/"},"modified":"2023-10-11T06:46:24","modified_gmt":"2023-10-11T10:46:24","slug":"tinnilog-fuer-android","status":"publish","type":"page","link":"https:\/\/tinnitus.help\/de\/tinnilog-fuer-android\/","title":{"rendered":"Tinnilog f\u00fcr Android"},"content":{"rendered":"<section class=\"l-section wpb_row us_custom_7e9dbf4c height_custom\"><div class=\"l-section-h i-cf\"><div class=\"g-cols vc_row via_grid cols_1-2-1 laptops-cols_inherit tablets-cols_inherit mobiles-cols_1 valign_top type_default stacking_default\"><div class=\"wpb_column vc_column_container\"><div class=\"vc_column-inner\"><\/div><\/div><div class=\"wpb_column vc_column_container\"><div class=\"vc_column-inner\"><div class=\"wpb_text_column us_custom_6df4bc3a has_text_color\"><div class=\"wpb_wrapper\"><h1>Erhalte eine Benachrichtigung, sobald Tinnilog f\u00fcr Android kommt.<\/h1>\n<\/div><\/div><div class=\"w-separator size_medium\"><\/div><form class=\"w-form  us-field-style_1 layout_ver for_cform us_form_1\" autocomplete=\"off\" action=\"https:\/\/tinnitus.help\/de\/wp-json\/wp\/v2\/pages\/2495\" method=\"post\"><div class=\"w-form-h\"><div class=\"w-form-row for_text required\">\r\n\t\t<div class=\"w-form-row-field\">\r\n\t\t\t\t\t\t<input aria-label=\"Name\" type=\"text\" name=\"us_form_1_text_1\" value placeholder=\"Name *\" data-required=\"true\" aria-required=\"true\"\/>\r\n\t\t\t<\/div>\r\n\t\t<div class=\"w-form-row-state\">Bitte f\u00fcllen Sie dieses Feld aus.<\/div>\r\n<\/div>\r\n<div class=\"w-form-row for_email required\">\r\n\t\t<div class=\"w-form-row-field\">\r\n\t\t\t\t\t\t<input aria-label=\"E-Mail\" type=\"email\" name=\"us_form_1_email_1\" value placeholder=\"E-Mail *\" data-required=\"true\" aria-required=\"true\"\/>\r\n\t\t\t<\/div>\r\n\t\t<div class=\"w-form-row-state\">Bitte gib eine g\u00fcltige E-Mail-Adresse ein.<\/div>\r\n<\/div>\r\n<input type=\"hidden\" name=\"action\" value=\"us_ajax_cform\" \/>\r\n<input type=\"hidden\" name=\"post_id\" value=\"0\" \/>\r\n<input type=\"hidden\" name=\"form_index\" value=\"1\" \/>\r\n<div class=\"w-form-row for_submit align_none\">\r\n\t<button class=\"w-btn  us-btn-style_1\" aria-label=\"Absenden\" type=\"submit\">\r\n\t\t<span class=\"g-preloader type_1\"><\/span>\r\n\t\t\t\t<span class=\"w-btn-label\">Absenden<\/span>\r\n\t\t\t<\/button>\r\n\t<\/div>\r\n<\/div><div class=\"w-form-message\"><\/div><div class=\"w-form-json hidden\" onclick='return {&quot;ajaxurl&quot;:&quot;https:\\\/\\\/tinnitus.help\\\/wp-admin\\\/admin-ajax.php&quot;,&quot;messages&quot;:{&quot;err_empty&quot;:&quot;Bitte f\\u00fcllen Sie dieses Feld aus.&quot;,&quot;err_size&quot;:&quot;Die Dateigr\\u00f6\\u00dfe darf %s MB nicht \\u00fcberschreiten&quot;,&quot;err_extension&quot;:&quot;Dateityp %s ist nicht zul\\u00e4ssig&quot;}}'><\/div><\/form><\/div><\/div><div class=\"wpb_column vc_column_container\"><div class=\"vc_column-inner\"><\/div><\/div><\/div><\/div><\/section>\n","protected":false},"excerpt":{"rendered":"Erhalte eine Benachrichtigung, sobald Tinnilog f\u00fcr Android kommt. Bitte f\u00fcllen Sie dieses Feld aus. Bitte gib eine g\u00fcltige E-Mail-Adresse ein. Absenden","protected":false},"author":1,"featured_media":0,"parent":0,"menu_order":0,"comment_status":"closed","ping_status":"closed","template":"","meta":{"footnotes":""},"class_list":["post-2495","page","type-page","status-publish","hentry"],"yoast_head":"<!-- This site is optimized with the Yoast SEO plugin v24.4 - https:\/\/yoast.com\/wordpress\/plugins\/seo\/ -->\n<title>Tinnilog f\u00fcr Android<\/title>\n<meta name=\"description\" content=\"Werde benachrichtigt, sobald Tinnilog f\u00fcr Android verf\u00fcgbar ist. Einfach deine E-Mail Adresse eintragen und absenden.\" \/>\n<meta name=\"robots\" content=\"index, follow, max-snippet:-1, max-image-preview:large, max-video-preview:-1\" \/>\n<link rel=\"canonical\" href=\"https:\/\/tinnitus.help\/de\/tinnilog-fuer-android\/\" \/>\n<meta property=\"og:locale\" content=\"de_DE\" \/>\n<meta property=\"og:type\" content=\"article\" \/>\n<meta property=\"og:title\" content=\"Tinnilog f\u00fcr Android\" \/>\n<meta property=\"og:description\" content=\"Werde benachrichtigt, sobald Tinnilog f\u00fcr Android verf\u00fcgbar ist. Einfach deine E-Mail Adresse eintragen und absenden.\" \/>\n<meta property=\"og:url\" content=\"https:\/\/tinnitus.help\/de\/tinnilog-fuer-android\/\" \/>\n<meta property=\"og:site_name\" content=\"Tinnitus Help\" \/>\n<meta property=\"article:modified_time\" content=\"2023-10-11T10:46:24+00:00\" \/>\n<meta name=\"twitter:card\" content=\"summary_large_image\" \/>\n<meta name=\"twitter:label1\" content=\"Gesch\u00e4tzte Lesezeit\" \/>\n\t<meta name=\"twitter:data1\" content=\"1\u00a0Minute\" \/>\n<script type=\"application\/ld+json\" class=\"yoast-schema-graph\">{\"@context\":\"https:\/\/schema.org\",\"@graph\":[{\"@type\":\"WebPage\",\"@id\":\"https:\/\/tinnitus.help\/de\/tinnilog-fuer-android\/\",\"url\":\"https:\/\/tinnitus.help\/de\/tinnilog-fuer-android\/\",\"name\":\"Tinnilog f\u00fcr Android\",\"isPartOf\":{\"@id\":\"https:\/\/tinnitus.help\/de\/#website\"},\"datePublished\":\"2023-08-30T15:02:56+00:00\",\"dateModified\":\"2023-10-11T10:46:24+00:00\",\"description\":\"Werde benachrichtigt, sobald Tinnilog f\u00fcr Android verf\u00fcgbar ist. Einfach deine E-Mail Adresse eintragen und absenden.\",\"breadcrumb\":{\"@id\":\"https:\/\/tinnitus.help\/de\/tinnilog-fuer-android\/#breadcrumb\"},\"inLanguage\":\"de\",\"potentialAction\":[{\"@type\":\"ReadAction\",\"target\":[\"https:\/\/tinnitus.help\/de\/tinnilog-fuer-android\/\"]}]},{\"@type\":\"BreadcrumbList\",\"@id\":\"https:\/\/tinnitus.help\/de\/tinnilog-fuer-android\/#breadcrumb\",\"itemListElement\":[{\"@type\":\"ListItem\",\"position\":1,\"name\":\"Home\",\"item\":\"https:\/\/tinnitus.help\/de\/\"},{\"@type\":\"ListItem\",\"position\":2,\"name\":\"Tinnilog f\u00fcr Android\"}]},{\"@type\":\"WebSite\",\"@id\":\"https:\/\/tinnitus.help\/de\/#website\",\"url\":\"https:\/\/tinnitus.help\/de\/\",\"name\":\"tinnitus.help\",\"description\":\"Discover tips and remedies for tinnitus relief. We cover everything from the causes and treatments of ringing in the ears, to therapy techniques, helpful apps, and effective masking strategies.\",\"publisher\":{\"@id\":\"https:\/\/tinnitus.help\/de\/#organization\"},\"potentialAction\":[{\"@type\":\"SearchAction\",\"target\":{\"@type\":\"EntryPoint\",\"urlTemplate\":\"https:\/\/tinnitus.help\/de\/?s={search_term_string}\"},\"query-input\":{\"@type\":\"PropertyValueSpecification\",\"valueRequired\":true,\"valueName\":\"search_term_string\"}}],\"inLanguage\":\"de\"},{\"@type\":\"Organization\",\"@id\":\"https:\/\/tinnitus.help\/de\/#organization\",\"name\":\"tinnitus.help\",\"url\":\"https:\/\/tinnitus.help\/de\/\",\"logo\":{\"@type\":\"ImageObject\",\"inLanguage\":\"de\",\"@id\":\"https:\/\/tinnitus.help\/de\/#\/schema\/logo\/image\/\",\"url\":\"https:\/\/tinnitus.help\/wp-content\/uploads\/2023\/07\/bg-basic.png\",\"contentUrl\":\"https:\/\/tinnitus.help\/wp-content\/uploads\/2023\/07\/bg-basic.png\",\"width\":1024,\"height\":1024,\"caption\":\"tinnitus.help\"},\"image\":{\"@id\":\"https:\/\/tinnitus.help\/de\/#\/schema\/logo\/image\/\"}}]}<\/script>\n<!-- \/ Yoast SEO plugin. -->","yoast_head_json":{"title":"Tinnilog f\u00fcr Android","description":"Werde benachrichtigt, sobald Tinnilog f\u00fcr Android verf\u00fcgbar ist. Einfach deine E-Mail Adresse eintragen und absenden.","robots":{"index":"index","follow":"follow","max-snippet":"max-snippet:-1","max-image-preview":"max-image-preview:large","max-video-preview":"max-video-preview:-1"},"canonical":"https:\/\/tinnitus.help\/de\/tinnilog-fuer-android\/","og_locale":"de_DE","og_type":"article","og_title":"Tinnilog f\u00fcr Android","og_description":"Werde benachrichtigt, sobald Tinnilog f\u00fcr Android verf\u00fcgbar ist. Einfach deine E-Mail Adresse eintragen und absenden.","og_url":"https:\/\/tinnitus.help\/de\/tinnilog-fuer-android\/","og_site_name":"Tinnitus Help","article_modified_time":"2023-10-11T10:46:24+00:00","twitter_card":"summary_large_image","twitter_misc":{"Gesch\u00e4tzte Lesezeit":"1\u00a0Minute"},"schema":{"@context":"https:\/\/schema.org","@graph":[{"@type":"WebPage","@id":"https:\/\/tinnitus.help\/de\/tinnilog-fuer-android\/","url":"https:\/\/tinnitus.help\/de\/tinnilog-fuer-android\/","name":"Tinnilog f\u00fcr Android","isPartOf":{"@id":"https:\/\/tinnitus.help\/de\/#website"},"datePublished":"2023-08-30T15:02:56+00:00","dateModified":"2023-10-11T10:46:24+00:00","description":"Werde benachrichtigt, sobald Tinnilog f\u00fcr Android verf\u00fcgbar ist. Einfach deine E-Mail Adresse eintragen und absenden.","breadcrumb":{"@id":"https:\/\/tinnitus.help\/de\/tinnilog-fuer-android\/#breadcrumb"},"inLanguage":"de","potentialAction":[{"@type":"ReadAction","target":["https:\/\/tinnitus.help\/de\/tinnilog-fuer-android\/"]}]},{"@type":"BreadcrumbList","@id":"https:\/\/tinnitus.help\/de\/tinnilog-fuer-android\/#breadcrumb","itemListElement":[{"@type":"ListItem","position":1,"name":"Home","item":"https:\/\/tinnitus.help\/de\/"},{"@type":"ListItem","position":2,"name":"Tinnilog f\u00fcr Android"}]},{"@type":"WebSite","@id":"https:\/\/tinnitus.help\/de\/#website","url":"https:\/\/tinnitus.help\/de\/","name":"tinnitus.help","description":"Discover tips and remedies for tinnitus relief. We cover everything from the causes and treatments of ringing in the ears, to therapy techniques, helpful apps, and effective masking strategies.","publisher":{"@id":"https:\/\/tinnitus.help\/de\/#organization"},"potentialAction":[{"@type":"SearchAction","target":{"@type":"EntryPoint","urlTemplate":"https:\/\/tinnitus.help\/de\/?s={search_term_string}"},"query-input":{"@type":"PropertyValueSpecification","valueRequired":true,"valueName":"search_term_string"}}],"inLanguage":"de"},{"@type":"Organization","@id":"https:\/\/tinnitus.help\/de\/#organization","name":"tinnitus.help","url":"https:\/\/tinnitus.help\/de\/","logo":{"@type":"ImageObject","inLanguage":"de","@id":"https:\/\/tinnitus.help\/de\/#\/schema\/logo\/image\/","url":"https:\/\/tinnitus.help\/wp-content\/uploads\/2023\/07\/bg-basic.png","contentUrl":"https:\/\/tinnitus.help\/wp-content\/uploads\/2023\/07\/bg-basic.png","width":1024,"height":1024,"caption":"tinnitus.help"},"image":{"@id":"https:\/\/tinnitus.help\/de\/#\/schema\/logo\/image\/"}}]}},"_links":{"self":[{"href":"https:\/\/tinnitus.help\/de\/wp-json\/wp\/v2\/pages\/2495","targetHints":{"allow":["GET"]}}],"collection":[{"href":"https:\/\/tinnitus.help\/de\/wp-json\/wp\/v2\/pages"}],"about":[{"href":"https:\/\/tinnitus.help\/de\/wp-json\/wp\/v2\/types\/page"}],"author":[{"embeddable":true,"href":"https:\/\/tinnitus.help\/de\/wp-json\/wp\/v2\/users\/1"}],"replies":[{"embeddable":true,"href":"https:\/\/tinnitus.help\/de\/wp-json\/wp\/v2\/comments?post=2495"}],"version-history":[{"count":5,"href":"https:\/\/tinnitus.help\/de\/wp-json\/wp\/v2\/pages\/2495\/revisions"}],"predecessor-version":[{"id":2500,"href":"https:\/\/tinnitus.help\/de\/wp-json\/wp\/v2\/pages\/2495\/revisions\/2500"}],"wp:attachment":[{"href":"https:\/\/tinnitus.help\/de\/wp-json\/wp\/v2\/media?parent=2495"}],"curies":[{"name":"wp","href":"https:\/\/api.w.org\/{rel}","templated":true}]}}