{"id":2609,"date":"2023-10-11T06:31:16","date_gmt":"2023-10-11T10:31:16","guid":{"rendered":"https:\/\/tinnitus.help\/so-kannst-du-einen-promo-code-einloesen\/"},"modified":"2023-10-11T08:42:46","modified_gmt":"2023-10-11T12:42:46","slug":"so-kannst-du-einen-promo-code-einloesen","status":"publish","type":"page","link":"https:\/\/tinnitus.help\/de\/so-kannst-du-einen-promo-code-einloesen\/","title":{"rendered":"So kannst du einen Promo Code einl\u00f6sen"},"content":{"rendered":"<section class=\"l-section wpb_row height_custom\"><div class=\"l-section-h i-cf\"><div class=\"g-cols vc_row via_grid cols_1 laptops-cols_inherit tablets-cols_inherit mobiles-cols_1 valign_top type_default stacking_default\"><div class=\"wpb_column vc_column_container\"><div class=\"vc_column-inner\"><div class=\"wpb_text_column\"><div class=\"wpb_wrapper\"><h1>So kannst du einen Promo Code einl\u00f6sen<\/h1>\n<p>Wenn auch nicht zwingend notwendig empfehlen wir zuerst die App zu installieren und danach den Promo Code einzul\u00f6sen.<\/p>\n<\/div><\/div><div class=\"w-separator size_large\"><\/div><div class=\"g-cols wpb_row via_grid cols_2 laptops-cols_inherit tablets-cols_inherit mobiles-cols_1 valign_top type_default stacking_default\" style=\"--columns-gap:3rem;\"><div class=\"wpb_column vc_column_container\"><div class=\"vc_column-inner\"><div class=\"wpb_text_column\"><div class=\"wpb_wrapper\"><h2>Schritt 1: App Store \u00f6ffnen<\/h2>\n<p>Einfach den App Store auf deinem iPhone oder iPad \u00f6ffnen.<\/p>\n<\/div><\/div><\/div><\/div><div class=\"wpb_column vc_column_container\"><div class=\"vc_column-inner\"><div class=\"w-image style_shadow-1 align_none\"><div class=\"w-image-h\"><img decoding=\"async\" width=\"277\" height=\"600\" src=\"https:\/\/tinnitus.help\/wp-content\/uploads\/2023\/10\/redeem-0-277x600.jpg\" class=\"attachment-us_600_600 size-us_600_600\" alt=\"Open the App Store\" loading=\"lazy\" srcset=\"https:\/\/tinnitus.help\/wp-content\/uploads\/2023\/10\/redeem-0-277x600.jpg 277w, https:\/\/tinnitus.help\/wp-content\/uploads\/2023\/10\/redeem-0-139x300.jpg 139w, https:\/\/tinnitus.help\/wp-content\/uploads\/2023\/10\/redeem-0-473x1024.jpg 473w, https:\/\/tinnitus.help\/wp-content\/uploads\/2023\/10\/redeem-0.jpg 1170w\" sizes=\"auto, (max-width: 277px) 100vw, 277px\" \/><\/div><\/div><\/div><\/div><\/div><div class=\"w-separator size_medium with_line width_50 thick_1 style_solid color_border align_center\"><div class=\"w-separator-h\"><\/div><\/div><div class=\"g-cols wpb_row via_grid cols_2 laptops-cols_inherit tablets-cols_inherit mobiles-cols_1 valign_top type_default stacking_default\" style=\"--columns-gap:3rem;\"><div class=\"wpb_column vc_column_container\"><div class=\"vc_column-inner\"><div class=\"wpb_text_column\"><div class=\"wpb_wrapper\"><h2>Schritt 2: Tippe auf dein Profilbild<\/h2>\n<p>Rechts oben im App Store findest du dein Profibild &#8211; tippe darauf.<\/p>\n<\/div><\/div><\/div><\/div><div class=\"wpb_column vc_column_container\"><div class=\"vc_column-inner\"><div class=\"w-image style_shadow-1 align_none\"><div class=\"w-image-h\"><img decoding=\"async\" width=\"277\" height=\"600\" src=\"https:\/\/tinnitus.help\/wp-content\/uploads\/2023\/10\/de_redeem-1-277x600.jpg\" class=\"attachment-us_600_600 size-us_600_600\" alt=\"Auf Profil tippen\" loading=\"lazy\" srcset=\"https:\/\/tinnitus.help\/wp-content\/uploads\/2023\/10\/de_redeem-1-277x600.jpg 277w, https:\/\/tinnitus.help\/wp-content\/uploads\/2023\/10\/de_redeem-1-139x300.jpg 139w, https:\/\/tinnitus.help\/wp-content\/uploads\/2023\/10\/de_redeem-1-473x1024.jpg 473w, https:\/\/tinnitus.help\/wp-content\/uploads\/2023\/10\/de_redeem-1.jpg 1170w\" sizes=\"auto, (max-width: 277px) 100vw, 277px\" \/><\/div><\/div><\/div><\/div><\/div><div class=\"w-separator size_medium with_line width_50 thick_1 style_solid color_border align_center\"><div class=\"w-separator-h\"><\/div><\/div><div class=\"g-cols wpb_row via_grid cols_2 laptops-cols_inherit tablets-cols_inherit mobiles-cols_1 valign_top type_default stacking_default\" style=\"--columns-gap:3rem;\"><div class=\"wpb_column vc_column_container\"><div class=\"vc_column-inner\"><div class=\"wpb_text_column\"><div class=\"wpb_wrapper\"><h2>Schritt 3: Tippe auf &#8222;Karte oder Code einl\u00f6sen&#8220;<\/h2>\n<p>Tippe auf den Button &#8222;Karte oder Code einl\u00f6sen&#8220;.<\/p>\n<\/div><\/div><\/div><\/div><div class=\"wpb_column vc_column_container\"><div class=\"vc_column-inner\"><div class=\"w-image style_shadow-1 align_none\"><div class=\"w-image-h\"><img decoding=\"async\" width=\"277\" height=\"600\" src=\"https:\/\/tinnitus.help\/wp-content\/uploads\/2023\/10\/de_redeem-2-277x600.jpg\" class=\"attachment-us_600_600 size-us_600_600\" alt=\"Karte oder Code einl\u00f6sen\" loading=\"lazy\" srcset=\"https:\/\/tinnitus.help\/wp-content\/uploads\/2023\/10\/de_redeem-2-277x600.jpg 277w, https:\/\/tinnitus.help\/wp-content\/uploads\/2023\/10\/de_redeem-2-139x300.jpg 139w, https:\/\/tinnitus.help\/wp-content\/uploads\/2023\/10\/de_redeem-2-473x1024.jpg 473w, https:\/\/tinnitus.help\/wp-content\/uploads\/2023\/10\/de_redeem-2.jpg 1170w\" sizes=\"auto, (max-width: 277px) 100vw, 277px\" \/><\/div><\/div><\/div><\/div><\/div><div class=\"w-separator size_medium with_line width_50 thick_1 style_solid color_border align_center\"><div class=\"w-separator-h\"><\/div><\/div><div class=\"g-cols wpb_row via_grid cols_2 laptops-cols_inherit tablets-cols_inherit mobiles-cols_1 valign_top type_default stacking_default\" style=\"--columns-gap:3rem;\"><div class=\"wpb_column vc_column_container\"><div class=\"vc_column-inner\"><div class=\"wpb_text_column\"><div class=\"wpb_wrapper\"><h2>Schritt 4: Tippe auf &#8222;Code manuell eingeben&#8220;<\/h2>\n<p>Tippe auf den Button &#8222;Code manuell eingeben&#8220;.<\/p>\n<\/div><\/div><\/div><\/div><div class=\"wpb_column vc_column_container\"><div class=\"vc_column-inner\"><div class=\"w-image style_shadow-1 align_none\"><div class=\"w-image-h\"><img decoding=\"async\" width=\"277\" height=\"600\" src=\"https:\/\/tinnitus.help\/wp-content\/uploads\/2023\/10\/de_redeem-3-277x600.jpg\" class=\"attachment-us_600_600 size-us_600_600\" alt=\"Code manuell eingeben\" loading=\"lazy\" srcset=\"https:\/\/tinnitus.help\/wp-content\/uploads\/2023\/10\/de_redeem-3-277x600.jpg 277w, https:\/\/tinnitus.help\/wp-content\/uploads\/2023\/10\/de_redeem-3-139x300.jpg 139w, https:\/\/tinnitus.help\/wp-content\/uploads\/2023\/10\/de_redeem-3-473x1024.jpg 473w, https:\/\/tinnitus.help\/wp-content\/uploads\/2023\/10\/de_redeem-3.jpg 1170w\" sizes=\"auto, (max-width: 277px) 100vw, 277px\" \/><\/div><\/div><\/div><\/div><\/div><div class=\"w-separator size_medium with_line width_50 thick_1 style_solid color_border align_center\"><div class=\"w-separator-h\"><\/div><\/div><div class=\"g-cols wpb_row via_grid cols_2 laptops-cols_inherit tablets-cols_inherit mobiles-cols_1 valign_top type_default stacking_default\" style=\"--columns-gap:3rem;\"><div class=\"wpb_column vc_column_container\"><div class=\"vc_column-inner\"><div class=\"wpb_text_column\"><div class=\"wpb_wrapper\"><h2>Schritt 5: Promo Code eingeben und &#8222;Einl\u00f6sen&#8220; tippen.<\/h2>\n<p>Nachdem du deinen Promo Code eingegeben hast, tippe bitte auf &#8222;Einl\u00f6sen&#8220;. Es kann ein paar Sekunden dauern bis der App Store deinen Code gepr\u00fcft hat.<\/p>\n<\/div><\/div><\/div><\/div><div class=\"wpb_column vc_column_container\"><div class=\"vc_column-inner\"><div class=\"w-image style_shadow-1 align_none\"><div class=\"w-image-h\"><img decoding=\"async\" width=\"277\" height=\"600\" src=\"https:\/\/tinnitus.help\/wp-content\/uploads\/2023\/10\/de_redeem-4-277x600.jpg\" class=\"attachment-us_600_600 size-us_600_600\" alt=\"Promo Code angeben\" loading=\"lazy\" srcset=\"https:\/\/tinnitus.help\/wp-content\/uploads\/2023\/10\/de_redeem-4-277x600.jpg 277w, https:\/\/tinnitus.help\/wp-content\/uploads\/2023\/10\/de_redeem-4-139x300.jpg 139w, https:\/\/tinnitus.help\/wp-content\/uploads\/2023\/10\/de_redeem-4-473x1024.jpg 473w, https:\/\/tinnitus.help\/wp-content\/uploads\/2023\/10\/de_redeem-4.jpg 1170w\" sizes=\"auto, (max-width: 277px) 100vw, 277px\" \/><\/div><\/div><\/div><\/div><\/div><div class=\"w-separator size_medium with_line width_50 thick_1 style_solid color_border align_center\"><div class=\"w-separator-h\"><\/div><\/div><div class=\"g-cols wpb_row via_grid cols_2 laptops-cols_inherit tablets-cols_inherit mobiles-cols_1 valign_top type_default stacking_default\" style=\"--columns-gap:3rem;\"><div class=\"wpb_column vc_column_container\"><div class=\"vc_column-inner\"><div class=\"wpb_text_column\"><div class=\"wpb_wrapper\"><h2>Schritt 6: Tippe auf &#8222;Angebot einl\u00f6sen&#8220;<\/h2>\n<p>Wenn dein Promo Code erfolgreich gepr\u00fcft werden konnte, kannst du nun das Angebot einl\u00f6sen und aktivieren.<\/p>\n<\/div><\/div><\/div><\/div><div class=\"wpb_column vc_column_container\"><div class=\"vc_column-inner\"><div class=\"w-image style_shadow-1 align_none\"><div class=\"w-image-h\"><img decoding=\"async\" width=\"277\" height=\"600\" src=\"https:\/\/tinnitus.help\/wp-content\/uploads\/2023\/10\/de_redeem-5-277x600.jpg\" class=\"attachment-us_600_600 size-us_600_600\" alt=\"Angebot einl\u00f6sen\" loading=\"lazy\" srcset=\"https:\/\/tinnitus.help\/wp-content\/uploads\/2023\/10\/de_redeem-5-277x600.jpg 277w, https:\/\/tinnitus.help\/wp-content\/uploads\/2023\/10\/de_redeem-5-139x300.jpg 139w, https:\/\/tinnitus.help\/wp-content\/uploads\/2023\/10\/de_redeem-5-473x1024.jpg 473w, https:\/\/tinnitus.help\/wp-content\/uploads\/2023\/10\/de_redeem-5.jpg 1170w\" sizes=\"auto, (max-width: 277px) 100vw, 277px\" \/><\/div><\/div><\/div><\/div><\/div><\/div><\/div><\/div><\/div><\/section>\n","protected":false},"excerpt":{"rendered":"So kannst du einen Promo Code einl\u00f6sen Wenn auch nicht zwingend notwendig empfehlen wir zuerst die App zu installieren und danach den Promo Code einzul\u00f6sen. Schritt 1: App Store \u00f6ffnen Einfach den App Store auf deinem iPhone oder iPad \u00f6ffnen. Schritt 2: Tippe auf dein Profilbild Rechts oben im App Store findest du dein Profibild...","protected":false},"author":1,"featured_media":0,"parent":0,"menu_order":0,"comment_status":"closed","ping_status":"closed","template":"","meta":{"footnotes":""},"class_list":["post-2609","page","type-page","status-publish","hentry"],"yoast_head":"<!-- This site is optimized with the Yoast SEO plugin v24.4 - https:\/\/yoast.com\/wordpress\/plugins\/seo\/ -->\n<title>So kannst du einen Promo Code einl\u00f6sen - Tinnitus Help<\/title>\n<meta name=\"description\" content=\"Schritt-f\u00fcr-Schritt Anleitung f\u00fcrs Einl\u00f6sen eines In-App Promo Codes am iPhone und iPad.\" \/>\n<meta name=\"robots\" content=\"index, follow, max-snippet:-1, max-image-preview:large, max-video-preview:-1\" \/>\n<link rel=\"canonical\" href=\"https:\/\/tinnitus.help\/de\/so-kannst-du-einen-promo-code-einloesen\/\" \/>\n<meta property=\"og:locale\" content=\"de_DE\" \/>\n<meta property=\"og:type\" content=\"article\" \/>\n<meta property=\"og:title\" content=\"So kannst du einen Promo Code einl\u00f6sen - Tinnitus Help\" \/>\n<meta property=\"og:description\" content=\"Schritt-f\u00fcr-Schritt Anleitung f\u00fcrs Einl\u00f6sen eines In-App Promo Codes am iPhone und iPad.\" \/>\n<meta property=\"og:url\" content=\"https:\/\/tinnitus.help\/de\/so-kannst-du-einen-promo-code-einloesen\/\" \/>\n<meta property=\"og:site_name\" content=\"Tinnitus Help\" \/>\n<meta property=\"article:modified_time\" content=\"2023-10-11T12:42:46+00:00\" \/>\n<meta name=\"twitter:card\" content=\"summary_large_image\" \/>\n<meta name=\"twitter:label1\" content=\"Gesch\u00e4tzte Lesezeit\" \/>\n\t<meta name=\"twitter:data1\" content=\"2\u00a0Minuten\" \/>\n<script type=\"application\/ld+json\" class=\"yoast-schema-graph\">{\"@context\":\"https:\/\/schema.org\",\"@graph\":[{\"@type\":\"WebPage\",\"@id\":\"https:\/\/tinnitus.help\/de\/so-kannst-du-einen-promo-code-einloesen\/\",\"url\":\"https:\/\/tinnitus.help\/de\/so-kannst-du-einen-promo-code-einloesen\/\",\"name\":\"So kannst du einen Promo Code einl\u00f6sen - Tinnitus Help\",\"isPartOf\":{\"@id\":\"https:\/\/tinnitus.help\/de\/#website\"},\"datePublished\":\"2023-10-11T10:31:16+00:00\",\"dateModified\":\"2023-10-11T12:42:46+00:00\",\"description\":\"Schritt-f\u00fcr-Schritt Anleitung f\u00fcrs Einl\u00f6sen eines In-App Promo Codes am iPhone und iPad.\",\"breadcrumb\":{\"@id\":\"https:\/\/tinnitus.help\/de\/so-kannst-du-einen-promo-code-einloesen\/#breadcrumb\"},\"inLanguage\":\"de\",\"potentialAction\":[{\"@type\":\"ReadAction\",\"target\":[\"https:\/\/tinnitus.help\/de\/so-kannst-du-einen-promo-code-einloesen\/\"]}]},{\"@type\":\"BreadcrumbList\",\"@id\":\"https:\/\/tinnitus.help\/de\/so-kannst-du-einen-promo-code-einloesen\/#breadcrumb\",\"itemListElement\":[{\"@type\":\"ListItem\",\"position\":1,\"name\":\"Home\",\"item\":\"https:\/\/tinnitus.help\/de\/\"},{\"@type\":\"ListItem\",\"position\":2,\"name\":\"So kannst du einen Promo Code einl\u00f6sen\"}]},{\"@type\":\"WebSite\",\"@id\":\"https:\/\/tinnitus.help\/de\/#website\",\"url\":\"https:\/\/tinnitus.help\/de\/\",\"name\":\"tinnitus.help\",\"description\":\"Discover tips and remedies for tinnitus relief. We cover everything from the causes and treatments of ringing in the ears, to therapy techniques, helpful apps, and effective masking strategies.\",\"publisher\":{\"@id\":\"https:\/\/tinnitus.help\/de\/#organization\"},\"potentialAction\":[{\"@type\":\"SearchAction\",\"target\":{\"@type\":\"EntryPoint\",\"urlTemplate\":\"https:\/\/tinnitus.help\/de\/?s={search_term_string}\"},\"query-input\":{\"@type\":\"PropertyValueSpecification\",\"valueRequired\":true,\"valueName\":\"search_term_string\"}}],\"inLanguage\":\"de\"},{\"@type\":\"Organization\",\"@id\":\"https:\/\/tinnitus.help\/de\/#organization\",\"name\":\"tinnitus.help\",\"url\":\"https:\/\/tinnitus.help\/de\/\",\"logo\":{\"@type\":\"ImageObject\",\"inLanguage\":\"de\",\"@id\":\"https:\/\/tinnitus.help\/de\/#\/schema\/logo\/image\/\",\"url\":\"https:\/\/tinnitus.help\/wp-content\/uploads\/2023\/07\/bg-basic.png\",\"contentUrl\":\"https:\/\/tinnitus.help\/wp-content\/uploads\/2023\/07\/bg-basic.png\",\"width\":1024,\"height\":1024,\"caption\":\"tinnitus.help\"},\"image\":{\"@id\":\"https:\/\/tinnitus.help\/de\/#\/schema\/logo\/image\/\"}}]}<\/script>\n<!-- \/ Yoast SEO plugin. -->","yoast_head_json":{"title":"So kannst du einen Promo Code einl\u00f6sen - Tinnitus Help","description":"Schritt-f\u00fcr-Schritt Anleitung f\u00fcrs Einl\u00f6sen eines In-App Promo Codes am iPhone und iPad.","robots":{"index":"index","follow":"follow","max-snippet":"max-snippet:-1","max-image-preview":"max-image-preview:large","max-video-preview":"max-video-preview:-1"},"canonical":"https:\/\/tinnitus.help\/de\/so-kannst-du-einen-promo-code-einloesen\/","og_locale":"de_DE","og_type":"article","og_title":"So kannst du einen Promo Code einl\u00f6sen - Tinnitus Help","og_description":"Schritt-f\u00fcr-Schritt Anleitung f\u00fcrs Einl\u00f6sen eines In-App Promo Codes am iPhone und iPad.","og_url":"https:\/\/tinnitus.help\/de\/so-kannst-du-einen-promo-code-einloesen\/","og_site_name":"Tinnitus Help","article_modified_time":"2023-10-11T12:42:46+00:00","twitter_card":"summary_large_image","twitter_misc":{"Gesch\u00e4tzte Lesezeit":"2\u00a0Minuten"},"schema":{"@context":"https:\/\/schema.org","@graph":[{"@type":"WebPage","@id":"https:\/\/tinnitus.help\/de\/so-kannst-du-einen-promo-code-einloesen\/","url":"https:\/\/tinnitus.help\/de\/so-kannst-du-einen-promo-code-einloesen\/","name":"So kannst du einen Promo Code einl\u00f6sen - Tinnitus Help","isPartOf":{"@id":"https:\/\/tinnitus.help\/de\/#website"},"datePublished":"2023-10-11T10:31:16+00:00","dateModified":"2023-10-11T12:42:46+00:00","description":"Schritt-f\u00fcr-Schritt Anleitung f\u00fcrs Einl\u00f6sen eines In-App Promo Codes am iPhone und iPad.","breadcrumb":{"@id":"https:\/\/tinnitus.help\/de\/so-kannst-du-einen-promo-code-einloesen\/#breadcrumb"},"inLanguage":"de","potentialAction":[{"@type":"ReadAction","target":["https:\/\/tinnitus.help\/de\/so-kannst-du-einen-promo-code-einloesen\/"]}]},{"@type":"BreadcrumbList","@id":"https:\/\/tinnitus.help\/de\/so-kannst-du-einen-promo-code-einloesen\/#breadcrumb","itemListElement":[{"@type":"ListItem","position":1,"name":"Home","item":"https:\/\/tinnitus.help\/de\/"},{"@type":"ListItem","position":2,"name":"So kannst du einen Promo Code einl\u00f6sen"}]},{"@type":"WebSite","@id":"https:\/\/tinnitus.help\/de\/#website","url":"https:\/\/tinnitus.help\/de\/","name":"tinnitus.help","description":"Discover tips and remedies for tinnitus relief. We cover everything from the causes and treatments of ringing in the ears, to therapy techniques, helpful apps, and effective masking strategies.","publisher":{"@id":"https:\/\/tinnitus.help\/de\/#organization"},"potentialAction":[{"@type":"SearchAction","target":{"@type":"EntryPoint","urlTemplate":"https:\/\/tinnitus.help\/de\/?s={search_term_string}"},"query-input":{"@type":"PropertyValueSpecification","valueRequired":true,"valueName":"search_term_string"}}],"inLanguage":"de"},{"@type":"Organization","@id":"https:\/\/tinnitus.help\/de\/#organization","name":"tinnitus.help","url":"https:\/\/tinnitus.help\/de\/","logo":{"@type":"ImageObject","inLanguage":"de","@id":"https:\/\/tinnitus.help\/de\/#\/schema\/logo\/image\/","url":"https:\/\/tinnitus.help\/wp-content\/uploads\/2023\/07\/bg-basic.png","contentUrl":"https:\/\/tinnitus.help\/wp-content\/uploads\/2023\/07\/bg-basic.png","width":1024,"height":1024,"caption":"tinnitus.help"},"image":{"@id":"https:\/\/tinnitus.help\/de\/#\/schema\/logo\/image\/"}}]}},"_links":{"self":[{"href":"https:\/\/tinnitus.help\/de\/wp-json\/wp\/v2\/pages\/2609","targetHints":{"allow":["GET"]}}],"collection":[{"href":"https:\/\/tinnitus.help\/de\/wp-json\/wp\/v2\/pages"}],"about":[{"href":"https:\/\/tinnitus.help\/de\/wp-json\/wp\/v2\/types\/page"}],"author":[{"embeddable":true,"href":"https:\/\/tinnitus.help\/de\/wp-json\/wp\/v2\/users\/1"}],"replies":[{"embeddable":true,"href":"https:\/\/tinnitus.help\/de\/wp-json\/wp\/v2\/comments?post=2609"}],"version-history":[{"count":36,"href":"https:\/\/tinnitus.help\/de\/wp-json\/wp\/v2\/pages\/2609\/revisions"}],"predecessor-version":[{"id":2687,"href":"https:\/\/tinnitus.help\/de\/wp-json\/wp\/v2\/pages\/2609\/revisions\/2687"}],"wp:attachment":[{"href":"https:\/\/tinnitus.help\/de\/wp-json\/wp\/v2\/media?parent=2609"}],"curies":[{"name":"wp","href":"https:\/\/api.w.org\/{rel}","templated":true}]}}